{"id":3258,"date":"2025-07-22T13:03:18","date_gmt":"2025-07-22T13:03:18","guid":{"rendered":"https:\/\/proenergy.md\/?page_id=3258"},"modified":"2025-08-01T07:29:30","modified_gmt":"2025-08-01T07:29:30","slug":"parcuri-fotovoltaice","status":"publish","type":"page","link":"https:\/\/proenergy.md\/ru\/parcuri-fotovoltaice\/","title":{"rendered":"\u0421\u043e\u043b\u043d\u0435\u0447\u043d\u044b\u0435 \u041f\u0430\u0440\u043a\u0438"},"content":{"rendered":"<div data-elementor-type=\"wp-page\" data-elementor-id=\"3258\" class=\"elementor elementor-3258\">\n\t\t\t\t\t\t<section class=\"elementor-section elementor-top-section elementor-element elementor-element-421a0659 elementor-section-boxed elementor-section-height-default elementor-section-height-default\" data-id=\"421a0659\" data-element_type=\"section\">\n\t\t\t\t\t\t<div class=\"elementor-container elementor-column-gap-default\">\n\t\t\t\t\t<div class=\"elementor-column elementor-col-100 elementor-top-column elementor-element elementor-element-255cab87\" data-id=\"255cab87\" data-element_type=\"column\">\n\t\t\t<div class=\"elementor-widget-wrap elementor-element-populated\">\n\t\t\t\t\t\t<div class=\"elementor-element elementor-element-530e7981 elementor-widget elementor-widget-go-s-heading\" data-id=\"530e7981\" data-element_type=\"widget\" data-widget_type=\"go-s-heading.default\">\n\t\t\t\t<div class=\"elementor-widget-container\">\n\t\t\t\t\t<div class=\"prthalign\">\n        <h1 class=\"elementor-gt-heading egx-section-title-1 egx-split-text split-in-right\">\u0421\u043e\u043b\u043d\u0435\u0447\u043d\u044b\u0435 \u043f\u0430\u0440\u043a\u0438<\/h1>    <\/div>\n\t\t\t\t<\/div>\n\t\t\t\t<\/div>\n\t\t\t\t\t<\/div>\n\t\t<\/div>\n\t\t\t\t\t<\/div>\n\t\t<\/section>\n\t\t\t\t<section class=\"elementor-section elementor-top-section elementor-element elementor-element-2d3555ea elementor-section-boxed elementor-section-height-default elementor-section-height-default\" data-id=\"2d3555ea\" data-element_type=\"section\">\n\t\t\t\t\t\t<div class=\"elementor-container elementor-column-gap-no\">\n\t\t\t\t\t<div class=\"elementor-column elementor-col-100 elementor-top-column elementor-element elementor-element-709b4bc2\" data-id=\"709b4bc2\" data-element_type=\"column\">\n\t\t\t<div class=\"elementor-widget-wrap elementor-element-populated\">\n\t\t\t\t\t\t<div class=\"elementor-element elementor-element-239901f9 elementor-widget__width-auto elementor-widget-mobile__width-initial elementor-absolute mobile-respo elementor-widget elementor-widget-text-editor\" data-id=\"239901f9\" data-element_type=\"widget\" data-settings=\"{&quot;_position&quot;:&quot;absolute&quot;}\" data-widget_type=\"text-editor.default\">\n\t\t\t\t\t\t\t\t\t<div class=\"project-info\"><h5 class=\"info-text\">\u0421\u0440\u043e\u043a: 4-6 \u041c\u0435\u0441\u044f\u0446\u0435\u0432<\/h5><h5 class=\"info-text\">\u0426\u0435\u043d\u0430: \u043e\u0442 420 \u0435\u0432\u0440\u043e\/\u043a\u0432<\/h5><\/div>\t\t\t\t\t\t\t\t<\/div>\n\t\t\t\t<div class=\"elementor-element elementor-element-7a816c2f elementor-widget elementor-widget-image\" data-id=\"7a816c2f\" data-element_type=\"widget\" data-widget_type=\"image.default\">\n\t\t\t\t\t\t\t\t\t\t\t\t\t\t\t<img fetchpriority=\"high\" decoding=\"async\" width=\"733\" height=\"465\" src=\"https:\/\/proenergy.md\/wp-content\/uploads\/2025\/07\/DJI_0748-733x465.jpg\" class=\"attachment-eergx-img-size-2 size-eergx-img-size-2 wp-image-3261\" alt=\"\" \/>\t\t\t\t\t\t\t\t\t\t\t\t\t\t\t<\/div>\n\t\t\t\t\t<\/div>\n\t\t<\/div>\n\t\t\t\t\t<\/div>\n\t\t<\/section>\n\t\t\t\t<section class=\"elementor-section elementor-top-section elementor-element elementor-element-51c37d1f elementor-section-boxed elementor-section-height-default elementor-section-height-default\" data-id=\"51c37d1f\" data-element_type=\"section\">\n\t\t\t\t\t\t<div class=\"elementor-container elementor-column-gap-default\">\n\t\t\t\t\t<div class=\"elementor-column elementor-col-100 elementor-top-column elementor-element elementor-element-4f24fd6b\" data-id=\"4f24fd6b\" data-element_type=\"column\">\n\t\t\t<div class=\"elementor-widget-wrap elementor-element-populated\">\n\t\t\t\t\t\t<div class=\"elementor-element elementor-element-3dc6478a elementor-widget elementor-widget-heading\" data-id=\"3dc6478a\" data-element_type=\"widget\" data-widget_type=\"heading.default\">\n\t\t\t\t\t<h2 class=\"elementor-heading-title elementor-size-default\"><h3 data-start=\"345\" data-end=\"400\">\u0411\u0435\u0437\u043e\u043f\u0430\u0441\u043d\u044b\u0435 \u0438\u043d\u0432\u0435\u0441\u0442\u0438\u0446\u0438\u0438 \u0432 \u0431\u0443\u0434\u0443\u0449\u0435\u0435 \u0432\u043e\u0437\u043e\u0431\u043d\u043e\u0432\u043b\u044f\u0435\u043c\u043e\u0439 \u044d\u043d\u0435\u0440\u0433\u0435\u0442\u0438\u043a\u0438<\/h3><p data-start=\"241\" data-end=\"537\">\n<\/p><p data-start=\"402\" data-end=\"691\">\u0420\u0435\u0441\u043f\u0443\u0431\u043b\u0438\u043a\u0430 \u041c\u043e\u043b\u0434\u043e\u0432\u0430 \u043e\u0431\u043b\u0430\u0434\u0430\u0435\u0442 \u043e\u0442\u043b\u0438\u0447\u043d\u044b\u043c \u043f\u043e\u0442\u0435\u043d\u0446\u0438\u0430\u043b\u043e\u043c \u0441\u043e\u043b\u043d\u0435\u0447\u043d\u043e\u0439 \u044d\u043d\u0435\u0440\u0433\u0435\u0442\u0438\u043a\u0438 \u0438 \u0432\u0441\u0435 \u0431\u043e\u043b\u0435\u0435 \u0431\u043b\u0430\u0433\u043e\u043f\u0440\u0438\u044f\u0442\u043d\u043e\u0439 \u0437\u0430\u043a\u043e\u043d\u043e\u0434\u0430\u0442\u0435\u043b\u044c\u043d\u043e\u0439 \u0431\u0430\u0437\u043e\u0439 \u0434\u043b\u044f \u0437\u0435\u043b\u0435\u043d\u043e\u0439 \u044d\u043d\u0435\u0440\u0433\u0435\u0442\u0438\u043a\u0438. <strong data-start=\"515\" data-end=\"541\">\u0421\u043e\u043b\u043d\u0435\u0447\u043d\u044b\u0435 \u043f\u0430\u0440\u043a\u0438<\/strong> \u043f\u0440\u0435\u0434\u0441\u0442\u0430\u0432\u043b\u044f\u0435\u0442 \u0441\u043e\u0431\u043e\u0439 \u044d\u0444\u0444\u0435\u043a\u0442\u0438\u0432\u043d\u043e\u0435 \u0438 \u0432\u044b\u0433\u043e\u0434\u043d\u043e\u0435 \u0440\u0435\u0448\u0435\u043d\u0438\u0435 \u0434\u043b\u044f \u043a\u043e\u043c\u043f\u0430\u043d\u0438\u0439, \u0438\u043d\u0432\u0435\u0441\u0442\u043e\u0440\u043e\u0432 \u0438 \u0433\u043e\u0441\u0443\u0434\u0430\u0440\u0441\u0442\u0432\u0435\u043d\u043d\u044b\u0445 \u043e\u0440\u0433\u0430\u043d\u043e\u0432, \u0436\u0435\u043b\u0430\u044e\u0449\u0438\u0445 \u043f\u0440\u043e\u0438\u0437\u0432\u043e\u0434\u0438\u0442\u044c \u0447\u0438\u0441\u0442\u0443\u044e \u044d\u043d\u0435\u0440\u0433\u0438\u044e \u0432 \u0431\u043e\u043b\u044c\u0448\u0438\u0445 \u043c\u0430\u0441\u0448\u0442\u0430\u0431\u0430\u0445.<\/p><p data-start=\"241\" data-end=\"537\">\n<\/p><hr data-start=\"693\" data-end=\"696\"><p data-start=\"241\" data-end=\"537\">\n<\/p><h3 data-start=\"698\" data-end=\"734\"><strong data-start=\"702\" data-end=\"734\">\u0427\u0442\u043e \u0442\u0430\u043a\u043e\u0435 \u0441\u043e\u043b\u043d\u0435\u0447\u043d\u044b\u0439 \u043f\u0430\u0440\u043a?<\/strong><\/h3><p data-start=\"241\" data-end=\"537\">\n<\/p><p data-start=\"736\" data-end=\"1027\">\u0421\u043e\u043b\u043d\u0435\u0447\u043d\u044b\u0439 \u043f\u0430\u0440\u043a \u2014 \u044d\u0442\u043e \u0441\u043e\u043b\u043d\u0435\u0447\u043d\u0430\u044f \u044d\u043b\u0435\u043a\u0442\u0440\u043e\u0441\u0442\u0430\u043d\u0446\u0438\u044f, \u0441\u043e\u0441\u0442\u043e\u044f\u0449\u0430\u044f \u0438\u0437 \u0441\u043e\u0442\u0435\u043d \u0438\u043b\u0438 \u0442\u044b\u0441\u044f\u0447 \u0441\u043e\u043b\u043d\u0435\u0447\u043d\u044b\u0445 \u043f\u0430\u043d\u0435\u043b\u0435\u0439, \u043a\u043e\u0442\u043e\u0440\u0430\u044f \u0432\u044b\u0440\u0430\u0431\u0430\u0442\u044b\u0432\u0430\u0435\u0442 \u044d\u043b\u0435\u043a\u0442\u0440\u043e\u044d\u043d\u0435\u0440\u0433\u0438\u044e, \u043a\u043e\u0442\u043e\u0440\u0443\u044e \u043c\u043e\u0436\u043d\u043e \u0438\u0441\u043f\u043e\u043b\u044c\u0437\u043e\u0432\u0430\u0442\u044c \u043b\u043e\u043a\u0430\u043b\u044c\u043d\u043e \u0438\u043b\u0438 \u043f\u043e\u0441\u0442\u0430\u0432\u043b\u044f\u0442\u044c \u0432 \u043d\u0430\u0446\u0438\u043e\u043d\u0430\u043b\u044c\u043d\u0443\u044e \u0441\u0435\u0442\u044c. \u041e\u043d \u043e\u0431\u044b\u0447\u043d\u043e \u0440\u0430\u0441\u043f\u043e\u043b\u0430\u0433\u0430\u0435\u0442\u0441\u044f \u043d\u0430 \u043d\u0435\u043f\u0440\u043e\u0438\u0437\u0432\u043e\u0434\u0441\u0442\u0432\u0435\u043d\u043d\u044b\u0445 \u0438\u043b\u0438 \u043f\u0440\u043e\u043c\u044b\u0448\u043b\u0435\u043d\u043d\u044b\u0445 \u0442\u0435\u0440\u0440\u0438\u0442\u043e\u0440\u0438\u044f\u0445 \u0441 \u043b\u0435\u0433\u043a\u0438\u043c \u0434\u043e\u0441\u0442\u0443\u043f\u043e\u043c \u043a \u044d\u043b\u0435\u043a\u0442\u0440\u043e\u044d\u043d\u0435\u0440\u0433\u0435\u0442\u0438\u0447\u0435\u0441\u043a\u043e\u0439 \u0438\u043d\u0444\u0440\u0430\u0441\u0442\u0440\u0443\u043a\u0442\u0443\u0440\u0435.<\/p><p data-start=\"241\" data-end=\"537\">\n<\/p><hr data-start=\"1029\" data-end=\"1032\"><p data-start=\"241\" data-end=\"537\">\n<\/p><h3 data-start=\"1034\" data-end=\"1089\"><strong data-start=\"1038\" data-end=\"1089\">\u041f\u0440\u0435\u0438\u043c\u0443\u0449\u0435\u0441\u0442\u0432\u0430 \u0438\u043d\u0432\u0435\u0441\u0442\u0438\u0440\u043e\u0432\u0430\u043d\u0438\u044f \u0432 \u0441\u043e\u043b\u043d\u0435\u0447\u043d\u044b\u0439 \u043f\u0430\u0440\u043a \u0432 \u0420\u0435\u0441\u043f\u0443\u0431\u043b\u0438\u043a\u0435 \u041c\u043e\u043b\u0434\u043e\u0432\u0430<\/strong><\/h3><p data-start=\"241\" data-end=\"537\">\n<\/p><ul data-start=\"1091\" data-end=\"1550\">\n<li data-start=\"1091\" data-end=\"1202\">\n<p data-start=\"1093\" data-end=\"1202\">\u2705 <strong data-start=\"1095\" data-end=\"1123\">\u0412\u044b\u0441\u043e\u043a\u0430\u044f \u0440\u0435\u043d\u0442\u0430\u0431\u0435\u043b\u044c\u043d\u043e\u0441\u0442\u044c<\/strong> \u0437\u0430 \u0441\u0447\u0435\u0442 \u043f\u0440\u043e\u0434\u0430\u0436\u0438 \u044d\u043d\u0435\u0440\u0433\u0438\u0438 \u0432 \u0441\u0435\u0442\u044c (\u0440\u0435\u0433\u0443\u043b\u0438\u0440\u0443\u0435\u043c\u044b\u0435 \u0442\u0430\u0440\u0438\u0444\u044b \u0438\u043b\u0438 \u0434\u0432\u0443\u0441\u0442\u043e\u0440\u043e\u043d\u043d\u0438\u0435 \u043a\u043e\u043d\u0442\u0440\u0430\u043a\u0442\u044b)<\/p>\n<\/li>\n<li data-start=\"1203\" data-end=\"1295\">\n<p data-start=\"1205\" data-end=\"1295\">\u2705 <strong data-start=\"1207\" data-end=\"1237\">\u0414\u043e\u0441\u0442\u0443\u043f \u043a \u0441\u0445\u0435\u043c\u0430\u043c \u0444\u0438\u043d\u0430\u043d\u0441\u0438\u0440\u043e\u0432\u0430\u043d\u0438\u044f<\/strong>: \u0441\u0443\u0431\u0441\u0438\u0434\u0438\u0438, \u043d\u0430\u043b\u043e\u0433\u043e\u0432\u044b\u0435 \u043b\u044c\u0433\u043e\u0442\u044b \u0438 \u043c\u0435\u0436\u0434\u0443\u043d\u0430\u0440\u043e\u0434\u043d\u044b\u0435 \u0433\u0440\u0430\u043d\u0442\u044b<\/p>\n<\/li>\n\n<li data-start=\"1392\" data-end=\"1490\">\n<p data-start=\"1394\" data-end=\"1490\">\u2705 <strong data-start=\"1396\" data-end=\"1440\">\u0421\u043d\u0438\u0436\u0435\u043d\u0438\u0435 \u044d\u043d\u0435\u0440\u0433\u0435\u0442\u0438\u0447\u0435\u0441\u043a\u043e\u0439 \u0437\u0430\u0432\u0438\u0441\u0438\u043c\u043e\u0441\u0442\u0438 \u0441\u0442\u0440\u0430\u043d\u044b<\/strong> \u2013 \u0432\u043a\u043b\u0430\u0434 \u0432 \u043d\u0430\u0446\u0438\u043e\u043d\u0430\u043b\u044c\u043d\u0443\u044e \u044d\u043d\u0435\u0440\u0433\u0435\u0442\u0438\u0447\u0435\u0441\u043a\u0443\u044e \u0431\u0435\u0437\u043e\u043f\u0430\u0441\u043d\u043e\u0441\u0442\u044c<\/p>\n<\/li>\n<li data-start=\"1491\" data-end=\"1550\">\n<p data-start=\"1493\" data-end=\"1550\">\u2705 <strong data-start=\"1495\" data-end=\"1522\">\u041d\u0443\u043b\u0435\u0432\u043e\u0439 \u044d\u043a\u043e\u043b\u043e\u0433\u0438\u0447\u0435\u0441\u043a\u0438\u0439 \u0441\u043b\u0435\u0434<\/strong> \u2013 \u043d\u0435\u0442 \u0432\u044b\u0431\u0440\u043e\u0441\u043e\u0432, \u043d\u0435\u0442 \u0437\u0430\u0433\u0440\u044f\u0437\u043d\u0435\u043d\u0438\u044f<\/p>\n<\/li>\n<\/ul><p data-start=\"241\" data-end=\"537\">\n<\/p><hr data-start=\"1552\" data-end=\"1555\"><p data-start=\"241\" data-end=\"537\">\n<\/p><h3 data-start=\"1557\" data-end=\"1611\"><strong data-start=\"1561\" data-end=\"1611\">\u041d\u0430\u0448\u0438 \u0443\u0441\u043b\u0443\u0433\u0438 \u0434\u043b\u044f \u0441\u043e\u043b\u043d\u0435\u0447\u043d\u044b\u0445 \u043f\u0430\u0440\u043a\u043e\u0432<\/strong><\/h3><p data-start=\"241\" data-end=\"537\">\n<\/p><ul data-start=\"1613\" data-end=\"1977\">\n<li data-start=\"1613\" data-end=\"1675\">\n<p data-start=\"1615\" data-end=\"1675\">\ud83d\udcd0 <strong data-start=\"1618\" data-end=\"1673\">\u0422\u0435\u0445\u043d\u0438\u043a\u043e-\u044d\u043a\u043e\u043d\u043e\u043c\u0438\u0447\u0435\u0441\u043a\u043e\u0435 \u043e\u0431\u043e\u0441\u043d\u043e\u0432\u0430\u043d\u0438\u0435 \u0438 \u0442\u0435\u0445\u043d\u0438\u043a\u043e-\u044d\u043a\u043e\u043d\u043e\u043c\u0438\u0447\u0435\u0441\u043a\u0438\u0439 \u0430\u043d\u0430\u043b\u0438\u0437<\/strong><\/p>\n<\/li>\n<li data-start=\"1676\" data-end=\"1722\">\n<p data-start=\"1678\" data-end=\"1722\">\ud83d\uddfa\ufe0f <strong data-start=\"1682\" data-end=\"1720\">\u0410\u0432\u0442\u043e\u0440\u0438\u0437\u0430\u0446\u0438\u044f \u0438 \u044e\u0440\u0438\u0434\u0438\u0447\u0435\u0441\u043a\u0438\u0435 \u043a\u043e\u043d\u0441\u0443\u043b\u044c\u0442\u0430\u0446\u0438\u0438<\/strong><\/p>\n<\/li>\n<li data-start=\"1723\" data-end=\"1793\">\n<p data-start=\"1725\" data-end=\"1793\">\ud83c\udfd7\ufe0f <strong data-start=\"1729\" data-end=\"1765\">\u041f\u0440\u043e\u0435\u043a\u0442\u0438\u0440\u043e\u0432\u0430\u043d\u0438\u0435, \u0434\u043e\u0441\u0442\u0430\u0432\u043a\u0430 \u0438 \u043c\u043e\u043d\u0442\u0430\u0436<\/strong> \u0441\u043e\u043b\u043d\u0435\u0447\u043d\u044b\u0445 \u043f\u0430\u043d\u0435\u043b\u0435\u0439<\/p>\n<\/li>\n<li data-start=\"1794\" data-end=\"1833\">\n<p data-start=\"1796\" data-end=\"1833\">\u26a1 <strong data-start=\"1798\" data-end=\"1831\">\u0421\u0435\u0442\u0435\u0432\u043e\u0435 \u043f\u043e\u0434\u043a\u043b\u044e\u0447\u0435\u043d\u0438\u0435 \u0438 \u0442\u0435\u0441\u0442\u0438\u0440\u043e\u0432\u0430\u043d\u0438\u0435<\/strong><\/p>\n<\/li>\n<li data-start=\"1834\" data-end=\"1883\">\n<p data-start=\"1836\" data-end=\"1883\">\ud83d\udcc9 <strong data-start=\"1839\" data-end=\"1881\">\u0423\u0434\u0430\u043b\u0435\u043d\u043d\u044b\u0439 \u043c\u043e\u043d\u0438\u0442\u043e\u0440\u0438\u043d\u0433 \u0438 \u043e\u0431\u0441\u043b\u0443\u0436\u0438\u0432\u0430\u043d\u0438\u0435<\/strong><\/p><\/li><\/ul><\/h2>\t\t\t\t<\/div>\n\t\t\t\t\t<\/div>\n\t\t<\/div>\n\t\t\t\t\t<\/div>\n\t\t<\/section>\n\t\t\t\t<section class=\"elementor-section elementor-top-section elementor-element elementor-element-7ed036fc elementor-section-boxed elementor-section-height-default elementor-section-height-default\" data-id=\"7ed036fc\" data-element_type=\"section\">\n\t\t\t\t\t\t<div class=\"elementor-container elementor-column-gap-default\">\n\t\t\t\t\t<div class=\"elementor-column elementor-col-100 elementor-top-column elementor-element elementor-element-473bd718\" data-id=\"473bd718\" data-element_type=\"column\">\n\t\t\t<div class=\"elementor-widget-wrap elementor-element-populated\">\n\t\t\t\t\t\t<div class=\"elementor-element elementor-element-4bce972 elementor-widget elementor-widget-heading\" data-id=\"4bce972\" data-element_type=\"widget\" data-widget_type=\"heading.default\">\n\t\t\t\t\t<h2 class=\"elementor-heading-title elementor-size-default\">\u041d\u0430\u0448\u0438 \u041f\u0440\u043e\u044d\u043a\u0442\u044b:<\/h2>\t\t\t\t<\/div>\n\t\t\t\t\t<\/div>\n\t\t<\/div>\n\t\t\t\t\t<\/div>\n\t\t<\/section>\n\t\t\t\t<section class=\"elementor-section elementor-top-section elementor-element elementor-element-52ff2180 elementor-section-boxed elementor-section-height-default elementor-section-height-default\" data-id=\"52ff2180\" data-element_type=\"section\">\n\t\t\t\t\t\t<div class=\"elementor-container elementor-column-gap-default\">\n\t\t\t\t\t<div class=\"elementor-column elementor-col-50 elementor-top-column elementor-element elementor-element-7cb65ab0\" data-id=\"7cb65ab0\" data-element_type=\"column\">\n\t\t\t<div class=\"elementor-widget-wrap elementor-element-populated\">\n\t\t\t\t\t\t<div class=\"elementor-element elementor-element-6dff2dc2 elementor-widget elementor-widget-go-s-gall-item\" data-id=\"6dff2dc2\" data-element_type=\"widget\" data-widget_type=\"go-s-gall-item.default\">\n\t\t\t\t<div class=\"elementor-widget-container\">\n\t\t\t\t\t<div class=\"mainp__gal\">\n    <div class=\"gallery-wrap\">\n        <div class=\"gallery\">\n            <a href=\"https:\/\/proenergy.md\/wp-content\/uploads\/2025\/07\/unnamed.jpg\" aria-label=\"\u0433\u0430\u043b\u0435\u0440\u0435\u044f img\" class=\"gallery-item img-cover popup_img\">\n                <img decoding=\"async\" src=\"https:\/\/proenergy.md\/wp-content\/uploads\/2025\/07\/unnamed.jpg\" alt=\"\">\n                <span class=\"icon-1\">\n                    <i class=\"fa-regular fa-image\"><\/i>\n                <\/span>\n            <\/a>\n        <\/div>\n    <\/div>\n<\/div>\t\t\t\t<\/div>\n\t\t\t\t<\/div>\n\t\t\t\t\t<\/div>\n\t\t<\/div>\n\t\t\t\t<div class=\"elementor-column elementor-col-50 elementor-top-column elementor-element elementor-element-22f9b49b\" data-id=\"22f9b49b\" data-element_type=\"column\">\n\t\t\t<div class=\"elementor-widget-wrap elementor-element-populated\">\n\t\t\t\t\t\t<div class=\"elementor-element elementor-element-5849da03 elementor-widget elementor-widget-go-s-gall-item\" data-id=\"5849da03\" data-element_type=\"widget\" data-widget_type=\"go-s-gall-item.default\">\n\t\t\t\t<div class=\"elementor-widget-container\">\n\t\t\t\t\t<div class=\"mainp__gal\">\n    <div class=\"gallery-wrap\">\n        <div class=\"gallery\">\n            <a href=\"https:\/\/proenergy.md\/wp-content\/uploads\/2025\/07\/DJI_0849.jpg\" aria-label=\"\u0433\u0430\u043b\u0435\u0440\u0435\u044f img\" class=\"gallery-item img-cover popup_img\">\n                <img decoding=\"async\" src=\"https:\/\/proenergy.md\/wp-content\/uploads\/2025\/07\/DJI_0849.jpg\" alt=\"\">\n                <span class=\"icon-1\">\n                    <i class=\"fa-regular fa-image\"><\/i>\n                <\/span>\n            <\/a>\n        <\/div>\n    <\/div>\n<\/div>\t\t\t\t<\/div>\n\t\t\t\t<\/div>\n\t\t\t\t\t<\/div>\n\t\t<\/div>\n\t\t\t\t\t<\/div>\n\t\t<\/section>\n\t\t\t\t<section class=\"elementor-section elementor-top-section elementor-element elementor-element-20e4a503 elementor-section-boxed elementor-section-height-default elementor-section-height-default\" data-id=\"20e4a503\" data-element_type=\"section\">\n\t\t\t\t\t\t<div class=\"elementor-container elementor-column-gap-default\">\n\t\t\t\t\t<div class=\"elementor-column elementor-col-33 elementor-top-column elementor-element elementor-element-7f91f5c4\" data-id=\"7f91f5c4\" data-element_type=\"column\">\n\t\t\t<div class=\"elementor-widget-wrap elementor-element-populated\">\n\t\t\t\t\t\t<div class=\"elementor-element elementor-element-44bd0f3 elementor-widget elementor-widget-go-s-gall-item\" data-id=\"44bd0f3\" data-element_type=\"widget\" data-widget_type=\"go-s-gall-item.default\">\n\t\t\t\t<div class=\"elementor-widget-container\">\n\t\t\t\t\t<div class=\"mainp__gal\">\n    <div class=\"gallery-wrap\">\n        <div class=\"gallery\">\n            <a href=\"https:\/\/proenergy.md\/wp-content\/uploads\/2025\/07\/poza-parc-fotovoltaic.jpg\" aria-label=\"\u0433\u0430\u043b\u0435\u0440\u0435\u044f img\" class=\"gallery-item img-cover popup_img\">\n                <img decoding=\"async\" src=\"https:\/\/proenergy.md\/wp-content\/uploads\/2025\/07\/poza-parc-fotovoltaic.jpg\" alt=\"\">\n                <span class=\"icon-1\">\n                    <i class=\"fa-regular fa-image\"><\/i>\n                <\/span>\n            <\/a>\n        <\/div>\n    <\/div>\n<\/div>\t\t\t\t<\/div>\n\t\t\t\t<\/div>\n\t\t\t\t\t<\/div>\n\t\t<\/div>\n\t\t\t\t<div class=\"elementor-column elementor-col-33 elementor-top-column elementor-element elementor-element-781def9b\" data-id=\"781def9b\" data-element_type=\"column\">\n\t\t\t<div class=\"elementor-widget-wrap elementor-element-populated\">\n\t\t\t\t\t\t<div class=\"elementor-element elementor-element-16680bc2 elementor-widget elementor-widget-go-s-gall-item\" data-id=\"16680bc2\" data-element_type=\"widget\" data-widget_type=\"go-s-gall-item.default\">\n\t\t\t\t<div class=\"elementor-widget-container\">\n\t\t\t\t\t<div class=\"mainp__gal\">\n    <div class=\"gallery-wrap\">\n        <div class=\"gallery\">\n            <a href=\"https:\/\/proenergy.md\/wp-content\/uploads\/2025\/07\/photovoltaic-491702-1280.jpg\" aria-label=\"\u0433\u0430\u043b\u0435\u0440\u0435\u044f img\" class=\"gallery-item img-cover popup_img\">\n                <img decoding=\"async\" src=\"https:\/\/proenergy.md\/wp-content\/uploads\/2025\/07\/photovoltaic-491702-1280.jpg\" alt=\"\">\n                <span class=\"icon-1\">\n                    <i class=\"fa-regular fa-image\"><\/i>\n                <\/span>\n            <\/a>\n        <\/div>\n    <\/div>\n<\/div>\t\t\t\t<\/div>\n\t\t\t\t<\/div>\n\t\t\t\t\t<\/div>\n\t\t<\/div>\n\t\t\t\t<div class=\"elementor-column elementor-col-33 elementor-top-column elementor-element elementor-element-54bcc38c\" data-id=\"54bcc38c\" data-element_type=\"column\">\n\t\t\t<div class=\"elementor-widget-wrap elementor-element-populated\">\n\t\t\t\t\t\t<div class=\"elementor-element elementor-element-e6fc8df elementor-widget elementor-widget-go-s-gall-item\" data-id=\"e6fc8df\" data-element_type=\"widget\" data-widget_type=\"go-s-gall-item.default\">\n\t\t\t\t<div class=\"elementor-widget-container\">\n\t\t\t\t\t<div class=\"mainp__gal\">\n    <div class=\"gallery-wrap\">\n        <div class=\"gallery\">\n            <a href=\"https:\/\/proenergy.md\/wp-content\/uploads\/2025\/07\/DJI_0742.jpg\" aria-label=\"\u0433\u0430\u043b\u0435\u0440\u0435\u044f img\" class=\"gallery-item img-cover popup_img\">\n                <img decoding=\"async\" src=\"https:\/\/proenergy.md\/wp-content\/uploads\/2025\/07\/DJI_0742.jpg\" alt=\"\">\n                <span class=\"icon-1\">\n                    <i class=\"fa-regular fa-image\"><\/i>\n                <\/span>\n            <\/a>\n        <\/div>\n    <\/div>\n<\/div>\t\t\t\t<\/div>\n\t\t\t\t<\/div>\n\t\t\t\t\t<\/div>\n\t\t<\/div>\n\t\t\t\t\t<\/div>\n\t\t<\/section>\n\t\t\t\t<\/div>","protected":false},"excerpt":{"rendered":"<p>Parcuri Fotovoltaice Termen: 4-6 luni Buget: de la\u00a0 420 EUR\/ kw Investi\u021bie sigur\u0103 \u00een viitorul energiei regenerabile Republica Moldova are un poten\u021bial solar excelent \u0219i un cadru legislativ tot mai favorabil pentru energia verde. Parcurile fotovoltaice reprezint\u0103 o solu\u021bie eficient\u0103 \u0219i profitabil\u0103 pentru companii, investitori \u0219i autorit\u0103\u021bi publice care doresc s\u0103 produc\u0103 energie curat\u0103 la [&hellip;]<\/p>","protected":false},"author":1,"featured_media":0,"parent":0,"menu_order":0,"comment_status":"closed","ping_status":"closed","template":"elementor_header_footer","meta":{"footnotes":""},"class_list":["post-3258","page","type-page","status-publish","hentry"],"_links":{"self":[{"href":"https:\/\/proenergy.md\/ru\/wp-json\/wp\/v2\/pages\/3258","targetHints":{"allow":["GET"]}}],"collection":[{"href":"https:\/\/proenergy.md\/ru\/wp-json\/wp\/v2\/pages"}],"about":[{"href":"https:\/\/proenergy.md\/ru\/wp-json\/wp\/v2\/types\/page"}],"author":[{"embeddable":true,"href":"https:\/\/proenergy.md\/ru\/wp-json\/wp\/v2\/users\/1"}],"replies":[{"embeddable":true,"href":"https:\/\/proenergy.md\/ru\/wp-json\/wp\/v2\/comments?post=3258"}],"version-history":[{"count":41,"href":"https:\/\/proenergy.md\/ru\/wp-json\/wp\/v2\/pages\/3258\/revisions"}],"predecessor-version":[{"id":3914,"href":"https:\/\/proenergy.md\/ru\/wp-json\/wp\/v2\/pages\/3258\/revisions\/3914"}],"wp:attachment":[{"href":"https:\/\/proenergy.md\/ru\/wp-json\/wp\/v2\/media?parent=3258"}],"curies":[{"name":"wp","href":"https:\/\/api.w.org\/{rel}","templated":true}]}}