{"id":3235,"date":"2025-07-22T12:21:48","date_gmt":"2025-07-22T12:21:48","guid":{"rendered":"https:\/\/proenergy.md\/?page_id=3235"},"modified":"2025-07-24T13:49:27","modified_gmt":"2025-07-24T13:49:27","slug":"proiecte-industriale","status":"publish","type":"page","link":"https:\/\/proenergy.md\/ru\/proiecte-industriale\/","title":{"rendered":"\u041f\u0440\u043e\u043c\u044b\u0448\u043b\u0435\u043d\u043d\u044b\u0439 \u0441\u0435\u043a\u0442\u043e\u0440"},"content":{"rendered":"<div data-elementor-type=\"wp-page\" data-elementor-id=\"3235\" class=\"elementor elementor-3235\">\n\t\t\t\t\t\t<section class=\"elementor-section elementor-top-section elementor-element elementor-element-20385884 elementor-section-boxed elementor-section-height-default elementor-section-height-default\" data-id=\"20385884\" data-element_type=\"section\">\n\t\t\t\t\t\t<div class=\"elementor-container elementor-column-gap-default\">\n\t\t\t\t\t<div class=\"elementor-column elementor-col-100 elementor-top-column elementor-element elementor-element-4003257b\" data-id=\"4003257b\" data-element_type=\"column\">\n\t\t\t<div class=\"elementor-widget-wrap elementor-element-populated\">\n\t\t\t\t\t\t<div class=\"elementor-element elementor-element-1797f310 elementor-widget elementor-widget-go-s-heading\" data-id=\"1797f310\" data-element_type=\"widget\" data-widget_type=\"go-s-heading.default\">\n\t\t\t\t<div class=\"elementor-widget-container\">\n\t\t\t\t\t<div class=\"prthalign\">\n        <h1 class=\"elementor-gt-heading egx-section-title-1 egx-split-text split-in-right\">\u041f\u0440\u043e\u043c\u044b\u0448\u043b\u0435\u043d\u043d\u044b\u0439 \u0441\u0435\u043a\u0442\u043e\u0440<\/h1>    <\/div>\n\t\t\t\t<\/div>\n\t\t\t\t<\/div>\n\t\t\t\t\t<\/div>\n\t\t<\/div>\n\t\t\t\t\t<\/div>\n\t\t<\/section>\n\t\t\t\t<section class=\"elementor-section elementor-top-section elementor-element elementor-element-6d880dc0 elementor-section-boxed elementor-section-height-default elementor-section-height-default\" data-id=\"6d880dc0\" data-element_type=\"section\">\n\t\t\t\t\t\t<div class=\"elementor-container elementor-column-gap-no\">\n\t\t\t\t\t<div class=\"elementor-column elementor-col-100 elementor-top-column elementor-element elementor-element-15a1f0fa\" data-id=\"15a1f0fa\" data-element_type=\"column\">\n\t\t\t<div class=\"elementor-widget-wrap elementor-element-populated\">\n\t\t\t\t\t\t<div class=\"elementor-element elementor-element-526d2651 elementor-widget__width-auto elementor-widget-mobile__width-initial elementor-absolute mobile-respo elementor-widget elementor-widget-text-editor\" data-id=\"526d2651\" data-element_type=\"widget\" data-settings=\"{&quot;_position&quot;:&quot;absolute&quot;}\" data-widget_type=\"text-editor.default\">\n\t\t\t\t\t\t\t\t\t<div class=\"project-info\"><h5 class=\"info-text\">\u0421\u0440\u043e\u043a: 3-4 \u043c\u0435\u0441\u044f\u0446\u0430<\/h5><h5 class=\"info-text\">\u0426\u0435\u043d\u0430: \u043e\u0442 500 \u0435\u0432\u0440\u043e\/\u043a\u0432<\/h5><\/div>\t\t\t\t\t\t\t\t<\/div>\n\t\t\t\t<div class=\"elementor-element elementor-element-238385e2 elementor-widget elementor-widget-image\" data-id=\"238385e2\" data-element_type=\"widget\" data-widget_type=\"image.default\">\n\t\t\t\t\t\t\t\t\t\t\t\t\t\t\t<img fetchpriority=\"high\" decoding=\"async\" width=\"1000\" height=\"667\" src=\"https:\/\/proenergy.md\/wp-content\/uploads\/2025\/07\/image434.jpg\" class=\"attachment-full size-full wp-image-3440\" alt=\"\" srcset=\"https:\/\/proenergy.md\/wp-content\/uploads\/2025\/07\/image434.jpg 1000w, https:\/\/proenergy.md\/wp-content\/uploads\/2025\/07\/image434-300x200.jpg 300w, https:\/\/proenergy.md\/wp-content\/uploads\/2025\/07\/image434-768x512.jpg 768w, https:\/\/proenergy.md\/wp-content\/uploads\/2025\/07\/image434-600x400.jpg 600w\" sizes=\"(max-width: 1000px) 100vw, 1000px\" \/>\t\t\t\t\t\t\t\t\t\t\t\t\t\t\t<\/div>\n\t\t\t\t\t<\/div>\n\t\t<\/div>\n\t\t\t\t\t<\/div>\n\t\t<\/section>\n\t\t\t\t<section class=\"elementor-section elementor-top-section elementor-element elementor-element-ec39ea7 elementor-section-boxed elementor-section-height-default elementor-section-height-default\" data-id=\"ec39ea7\" data-element_type=\"section\">\n\t\t\t\t\t\t<div class=\"elementor-container elementor-column-gap-default\">\n\t\t\t\t\t<div class=\"elementor-column elementor-col-100 elementor-top-column elementor-element elementor-element-427b13cd\" data-id=\"427b13cd\" data-element_type=\"column\">\n\t\t\t<div class=\"elementor-widget-wrap elementor-element-populated\">\n\t\t\t\t\t\t<div class=\"elementor-element elementor-element-6006ce61 elementor-widget elementor-widget-heading\" data-id=\"6006ce61\" data-element_type=\"widget\" data-widget_type=\"heading.default\">\n\t\t\t\t\t<h2 class=\"elementor-heading-title elementor-size-default\"><h3 data-start=\"310\" data-end=\"361\">\u042d\u0444\u0444\u0435\u043a\u0442\u0438\u0432\u043d\u044b\u0435 \u044d\u043d\u0435\u0440\u0433\u0435\u0442\u0438\u0447\u0435\u0441\u043a\u0438\u0435 \u0440\u0435\u0448\u0435\u043d\u0438\u044f \u0434\u043b\u044f \u0432\u0430\u0448\u0435\u0433\u043e \u0431\u0438\u0437\u043d\u0435\u0441\u0430<\/h3><p data-start=\"241\" data-end=\"537\">\n<\/p><p data-start=\"363\" data-end=\"654\">\u0412 \u0443\u0441\u043b\u043e\u0432\u0438\u044f\u0445 \u0440\u043e\u0441\u0442\u0430 \u0446\u0435\u043d \u043d\u0430 \u044d\u043d\u0435\u0440\u0433\u043e\u043d\u043e\u0441\u0438\u0442\u0435\u043b\u0438 \u0438 \u0434\u0430\u0432\u043b\u0435\u043d\u0438\u044f, \u043d\u0430\u043f\u0440\u0430\u0432\u043b\u0435\u043d\u043d\u043e\u0433\u043e \u043d\u0430 \u0441\u043e\u043a\u0440\u0430\u0449\u0435\u043d\u0438\u0435 \u0432\u044b\u0431\u0440\u043e\u0441\u043e\u0432 \u0443\u0433\u043b\u0435\u043a\u0438\u0441\u043b\u043e\u0433\u043e \u0433\u0430\u0437\u0430, \u0432\u0441\u0435 \u0431\u043e\u043b\u044c\u0448\u0435 \u043a\u043e\u043c\u043f\u0430\u043d\u0438\u0439 \u0432 \u043f\u0440\u043e\u043c\u044b\u0448\u043b\u0435\u043d\u043d\u043e\u043c \u0441\u0435\u043a\u0442\u043e\u0440\u0435 \u043f\u0440\u0435\u0434\u043f\u043e\u0447\u0438\u0442\u0430\u044e\u0442 \u0438\u043d\u0432\u0435\u0441\u0442\u0438\u0440\u043e\u0432\u0430\u0442\u044c \u0432 <strong data-start=\"532\" data-end=\"556\">\u0441\u043e\u043b\u043d\u0435\u0447\u043d\u043e\u0439 \u0441\u0438\u0441\u0442\u0435\u043c\u044b<\/strong>. \u0421\u043e\u043b\u043d\u0435\u0447\u043d\u044b\u0435 \u043f\u0430\u043d\u0435\u043b\u0438 \u2014 \u044d\u0442\u043e \u043d\u0435 \u0442\u043e\u043b\u044c\u043a\u043e \u044d\u043a\u043e\u043b\u043e\u0433\u0438\u0447\u0435\u0441\u043a\u0438 \u0447\u0438\u0441\u0442\u044b\u0439 \u0432\u044b\u0431\u043e\u0440, \u043d\u043e \u0438 \u0441\u0442\u0440\u0430\u0442\u0435\u0433\u0438\u0447\u0435\u0441\u043a\u0430\u044f \u0434\u043e\u043b\u0433\u043e\u0441\u0440\u043e\u0447\u043d\u0430\u044f \u0438\u043d\u0432\u0435\u0441\u0442\u0438\u0446\u0438\u044f.<\/p><p data-start=\"241\" data-end=\"537\">\n<\/p><hr data-start=\"656\" data-end=\"659\"><p data-start=\"241\" data-end=\"537\">\n<\/p><h3 data-start=\"661\" data-end=\"732\"><strong data-start=\"665\" data-end=\"732\">\u041f\u0440\u0435\u0438\u043c\u0443\u0449\u0435\u0441\u0442\u0432\u0430 \u0441\u043e\u043b\u043d\u0435\u0447\u043d\u044b\u0445 \u043f\u0430\u043d\u0435\u043b\u0435\u0439 \u0434\u043b\u044f \u043f\u0440\u043e\u043c\u044b\u0448\u043b\u0435\u043d\u043d\u044b\u0445 \u043a\u043e\u043c\u043f\u0430\u043d\u0438\u0439<\/strong><\/h3><p data-start=\"241\" data-end=\"537\">\n<\/p><ul data-start=\"734\" data-end=\"1417\">\n<li data-start=\"734\" data-end=\"894\">\n<p data-start=\"736\" data-end=\"894\"><img decoding=\"async\" role=\"img\" class=\"emoji\" alt=\"\u2705\" src=\"https:\/\/s.w.org\/images\/core\/emoji\/16.0.1\/svg\/2705.svg\"> <strong data-start=\"738\" data-end=\"773\">\u0421\u043e\u043a\u0440\u0430\u0449\u0435\u043d\u0438\u0435 \u0437\u0430\u0442\u0440\u0430\u0442 \u043d\u0430 \u044d\u043b\u0435\u043a\u0442\u0440\u043e\u044d\u043d\u0435\u0440\u0433\u0438\u044e<\/strong><br data-start=\"773\" data-end=\"776\">\n\u0424\u043e\u0442\u043e\u044d\u043b\u0435\u043a\u0442\u0440\u0438\u0447\u0435\u0441\u043a\u0438\u0435 \u0441\u0438\u0441\u0442\u0435\u043c\u044b \u043c\u043e\u0433\u0443\u0442 \u043f\u043e\u043a\u0440\u044b\u0432\u0430\u0442\u044c \u043e\u0442 30% \u0434\u043e 100% \u044d\u043d\u0435\u0440\u0433\u043e\u043f\u043e\u0442\u0440\u0435\u0431\u043b\u0435\u043d\u0438\u044f \u0437\u0430\u0432\u043e\u0434\u0430 \u0438\u043b\u0438 \u043f\u0440\u043e\u043c\u044b\u0448\u043b\u0435\u043d\u043d\u043e\u0433\u043e \u0446\u0435\u0445\u0430.<\/p>\n<\/li>\n<li data-start=\"895\" data-end=\"1033\">\n<p data-start=\"897\" data-end=\"1033\"><img decoding=\"async\" role=\"img\" class=\"emoji\" alt=\"\u2705\" src=\"https:\/\/s.w.org\/images\/core\/emoji\/16.0.1\/svg\/2705.svg\"> <strong data-start=\"899\" data-end=\"931\">\u0414\u043e\u043b\u0433\u043e\u0441\u0440\u043e\u0447\u043d\u0430\u044f \u043f\u0440\u0438\u0431\u044b\u043b\u044c\u043d\u043e\u0441\u0442\u044c<\/strong><br data-start=\"931\" data-end=\"934\">\n\u041f\u0435\u0440\u0432\u043e\u043d\u0430\u0447\u0430\u043b\u044c\u043d\u044b\u0435 \u0438\u043d\u0432\u0435\u0441\u0442\u0438\u0446\u0438\u0438 \u043e\u043a\u0443\u043f\u0430\u044e\u0442\u0441\u044f \u0432 \u0442\u0435\u0447\u0435\u043d\u0438\u0435 3\u20137 \u043b\u0435\u0442 \u0432 \u0437\u0430\u0432\u0438\u0441\u0438\u043c\u043e\u0441\u0442\u0438 \u043e\u0442 \u043f\u043e\u0442\u0440\u0435\u0431\u043b\u0435\u043d\u0438\u044f \u0438 \u0440\u0430\u0437\u043c\u0435\u0440\u0430 \u0441\u0438\u0441\u0442\u0435\u043c\u044b.<\/p>\n<\/li>\n<li data-start=\"1034\" data-end=\"1139\">\n<p data-start=\"1036\" data-end=\"1139\"><img decoding=\"async\" role=\"img\" class=\"emoji\" alt=\"\u2705\" src=\"https:\/\/s.w.org\/images\/core\/emoji\/16.0.1\/svg\/2705.svg\"> <strong data-start=\"1038\" data-end=\"1065\">\u042d\u043d\u0435\u0440\u0433\u0435\u0442\u0438\u0447\u0435\u0441\u043a\u0430\u044f \u043d\u0435\u0437\u0430\u0432\u0438\u0441\u0438\u043c\u043e\u0441\u0442\u044c<\/strong><br data-start=\"1065\" data-end=\"1068\">\n\u0412\u044b \u0443\u043c\u0435\u043d\u044c\u0448\u0430\u0435\u0442\u0435 \u0441\u0432\u043e\u044e \u0437\u0430\u0432\u0438\u0441\u0438\u043c\u043e\u0441\u0442\u044c \u043e\u0442 \u043d\u0430\u0446\u0438\u043e\u043d\u0430\u043b\u044c\u043d\u043e\u0439 \u044d\u043b\u0435\u043a\u0442\u0440\u043e\u0441\u0435\u0442\u0438 \u0438 \u043a\u043e\u043b\u0435\u0431\u0430\u043d\u0438\u0439 \u0446\u0435\u043d.<\/p>\n<\/li>\n<li data-start=\"1140\" data-end=\"1269\">\n<p data-start=\"1142\" data-end=\"1269\"><img decoding=\"async\" role=\"img\" class=\"emoji\" alt=\"\u2705\" src=\"https:\/\/s.w.org\/images\/core\/emoji\/16.0.1\/svg\/2705.svg\"> <strong data-start=\"1144\" data-end=\"1179\">\u0414\u043e\u0441\u0442\u0443\u043f \u043a \u0444\u0438\u043d\u0430\u043d\u0441\u0438\u0440\u043e\u0432\u0430\u043d\u0438\u044e \u0438 \u0433\u0440\u0430\u043d\u0442\u0430\u043c<\/strong><br data-start=\"1179\" data-end=\"1182\">\n\u0412\u044b \u043c\u043e\u0436\u0435\u0442\u0435 \u043f\u043e\u0434\u0430\u0442\u044c \u0437\u0430\u044f\u0432\u043a\u0443 \u043d\u0430 \u0443\u0447\u0430\u0441\u0442\u0438\u0435 \u0432 \u0440\u0430\u0437\u043b\u0438\u0447\u043d\u044b\u0445 \u043c\u0435\u0441\u0442\u043d\u044b\u0445 \u0438\u043b\u0438 \u043c\u0435\u0436\u0434\u0443\u043d\u0430\u0440\u043e\u0434\u043d\u044b\u0445 \u043f\u0440\u043e\u0433\u0440\u0430\u043c\u043c\u0430\u0445, \u043a\u043e\u0442\u043e\u0440\u044b\u0435 \u043c\u043e\u0433\u0443\u0442 \u043f\u043e\u043a\u0440\u044b\u0442\u044c \u0434\u043e 100% \u0440\u0430\u0441\u0445\u043e\u0434\u043e\u0432.<\/p>\n<\/li>\n<li data-start=\"1270\" data-end=\"1417\">\n<p data-start=\"1272\" data-end=\"1417\"><img decoding=\"async\" role=\"img\" class=\"emoji\" alt=\"\u2705\" src=\"https:\/\/s.w.org\/images\/core\/emoji\/16.0.1\/svg\/2705.svg\"> <strong data-start=\"1274\" data-end=\"1319\">\u0417\u0435\u043b\u0435\u043d\u044b\u0439 \u0438\u043c\u0438\u0434\u0436 \u0438 \u0441\u043e\u0446\u0438\u0430\u043b\u044c\u043d\u0430\u044f \u043e\u0442\u0432\u0435\u0442\u0441\u0442\u0432\u0435\u043d\u043d\u043e\u0441\u0442\u044c<\/strong><br data-start=\"1319\" data-end=\"1322\">\n\u041a\u043e\u043c\u043f\u0430\u043d\u0438\u0438, \u0438\u043d\u0432\u0435\u0441\u0442\u0438\u0440\u0443\u044e\u0449\u0438\u0435 \u0432 \u0432\u043e\u0437\u043e\u0431\u043d\u043e\u0432\u043b\u044f\u0435\u043c\u044b\u0435 \u0438\u0441\u0442\u043e\u0447\u043d\u0438\u043a\u0438 \u044d\u043d\u0435\u0440\u0433\u0438\u0438, \u0431\u043e\u043b\u044c\u0448\u0435 \u0446\u0435\u043d\u044f\u0442\u0441\u044f \u043f\u0430\u0440\u0442\u043d\u0435\u0440\u0430\u043c\u0438 \u0438 \u043a\u043b\u0438\u0435\u043d\u0442\u0430\u043c\u0438.<\/p><\/li><\/ul><\/h2>\t\t\t\t<\/div>\n\t\t\t\t\t<\/div>\n\t\t<\/div>\n\t\t\t\t\t<\/div>\n\t\t<\/section>\n\t\t\t\t<section class=\"elementor-section elementor-top-section elementor-element elementor-element-868a9b7 elementor-section-boxed elementor-section-height-default elementor-section-height-default\" data-id=\"868a9b7\" data-element_type=\"section\">\n\t\t\t\t\t\t<div class=\"elementor-container elementor-column-gap-default\">\n\t\t\t\t\t<div class=\"elementor-column elementor-col-100 elementor-top-column elementor-element elementor-element-1ca02492\" data-id=\"1ca02492\" data-element_type=\"column\">\n\t\t\t<div class=\"elementor-widget-wrap elementor-element-populated\">\n\t\t\t\t\t\t<div class=\"elementor-element elementor-element-7e66e2ec elementor-widget elementor-widget-heading\" data-id=\"7e66e2ec\" data-element_type=\"widget\" data-widget_type=\"heading.default\">\n\t\t\t\t\t<h2 class=\"elementor-heading-title elementor-size-default\">\u041d\u0430\u0448\u0438 \u041f\u0440\u043e\u044d\u043a\u0442\u044b:<\/h2>\t\t\t\t<\/div>\n\t\t\t\t\t<\/div>\n\t\t<\/div>\n\t\t\t\t\t<\/div>\n\t\t<\/section>\n\t\t\t\t<section class=\"elementor-section elementor-top-section elementor-element elementor-element-12d1d246 elementor-section-boxed elementor-section-height-default elementor-section-height-default\" data-id=\"12d1d246\" data-element_type=\"section\">\n\t\t\t\t\t\t<div class=\"elementor-container elementor-column-gap-default\">\n\t\t\t\t\t<div class=\"elementor-column elementor-col-50 elementor-top-column elementor-element elementor-element-6f6b34d1\" data-id=\"6f6b34d1\" data-element_type=\"column\">\n\t\t\t<div class=\"elementor-widget-wrap elementor-element-populated\">\n\t\t\t\t\t\t<div class=\"elementor-element elementor-element-774c21d8 elementor-widget elementor-widget-go-s-gall-item\" data-id=\"774c21d8\" data-element_type=\"widget\" data-widget_type=\"go-s-gall-item.default\">\n\t\t\t\t<div class=\"elementor-widget-container\">\n\t\t\t\t\t<div class=\"mainp__gal\">\n    <div class=\"gallery-wrap\">\n        <div class=\"gallery\">\n            <a href=\"https:\/\/proenergy.md\/wp-content\/uploads\/2025\/07\/industrial2.jpg\" aria-label=\"\u0433\u0430\u043b\u0435\u0440\u0435\u044f img\" class=\"gallery-item img-cover popup_img\">\n                <img decoding=\"async\" src=\"https:\/\/proenergy.md\/wp-content\/uploads\/2025\/07\/industrial2.jpg\" alt=\"\">\n                <span class=\"icon-1\">\n                    <i class=\"fa-regular fa-image\"><\/i>\n                <\/span>\n            <\/a>\n        <\/div>\n    <\/div>\n<\/div>\t\t\t\t<\/div>\n\t\t\t\t<\/div>\n\t\t\t\t\t<\/div>\n\t\t<\/div>\n\t\t\t\t<div class=\"elementor-column elementor-col-50 elementor-top-column elementor-element elementor-element-7145be2\" data-id=\"7145be2\" data-element_type=\"column\">\n\t\t\t<div class=\"elementor-widget-wrap elementor-element-populated\">\n\t\t\t\t\t\t<div class=\"elementor-element elementor-element-79997281 elementor-widget elementor-widget-go-s-gall-item\" data-id=\"79997281\" data-element_type=\"widget\" data-widget_type=\"go-s-gall-item.default\">\n\t\t\t\t<div class=\"elementor-widget-container\">\n\t\t\t\t\t<div class=\"mainp__gal\">\n    <div class=\"gallery-wrap\">\n        <div class=\"gallery\">\n            <a href=\"https:\/\/proenergy.md\/wp-content\/uploads\/2025\/07\/01-e1707932855286.jpg\" aria-label=\"\u0433\u0430\u043b\u0435\u0440\u0435\u044f img\" class=\"gallery-item img-cover popup_img\">\n                <img decoding=\"async\" src=\"https:\/\/proenergy.md\/wp-content\/uploads\/2025\/07\/01-e1707932855286.jpg\" alt=\"\">\n                <span class=\"icon-1\">\n                    <i class=\"fa-regular fa-image\"><\/i>\n                <\/span>\n            <\/a>\n        <\/div>\n    <\/div>\n<\/div>\t\t\t\t<\/div>\n\t\t\t\t<\/div>\n\t\t\t\t\t<\/div>\n\t\t<\/div>\n\t\t\t\t\t<\/div>\n\t\t<\/section>\n\t\t\t\t<section class=\"elementor-section elementor-top-section elementor-element elementor-element-15378c3d elementor-section-boxed elementor-section-height-default elementor-section-height-default\" data-id=\"15378c3d\" data-element_type=\"section\">\n\t\t\t\t\t\t<div class=\"elementor-container elementor-column-gap-default\">\n\t\t\t\t\t<div class=\"elementor-column elementor-col-33 elementor-top-column elementor-element elementor-element-4334d21a\" data-id=\"4334d21a\" data-element_type=\"column\">\n\t\t\t<div class=\"elementor-widget-wrap elementor-element-populated\">\n\t\t\t\t\t\t<div class=\"elementor-element elementor-element-7bee9e85 elementor-widget elementor-widget-go-s-gall-item\" data-id=\"7bee9e85\" data-element_type=\"widget\" data-widget_type=\"go-s-gall-item.default\">\n\t\t\t\t<div class=\"elementor-widget-container\">\n\t\t\t\t\t<div class=\"mainp__gal\">\n    <div class=\"gallery-wrap\">\n        <div class=\"gallery\">\n            <a href=\"https:\/\/proenergy.md\/wp-content\/uploads\/2025\/07\/IMG_5018.jpg\" aria-label=\"\u0433\u0430\u043b\u0435\u0440\u0435\u044f img\" class=\"gallery-item img-cover popup_img\">\n                <img decoding=\"async\" src=\"https:\/\/proenergy.md\/wp-content\/uploads\/2025\/07\/IMG_5018.jpg\" alt=\"\">\n                <span class=\"icon-1\">\n                    <i class=\"fa-regular fa-image\"><\/i>\n                <\/span>\n            <\/a>\n        <\/div>\n    <\/div>\n<\/div>\t\t\t\t<\/div>\n\t\t\t\t<\/div>\n\t\t\t\t\t<\/div>\n\t\t<\/div>\n\t\t\t\t<div class=\"elementor-column elementor-col-33 elementor-top-column elementor-element elementor-element-17ab56c0\" data-id=\"17ab56c0\" data-element_type=\"column\">\n\t\t\t<div class=\"elementor-widget-wrap elementor-element-populated\">\n\t\t\t\t\t\t<div class=\"elementor-element elementor-element-2e4d59de elementor-widget elementor-widget-go-s-gall-item\" data-id=\"2e4d59de\" data-element_type=\"widget\" data-widget_type=\"go-s-gall-item.default\">\n\t\t\t\t<div class=\"elementor-widget-container\">\n\t\t\t\t\t<div class=\"mainp__gal\">\n    <div class=\"gallery-wrap\">\n        <div class=\"gallery\">\n            <a href=\"https:\/\/proenergy.md\/wp-content\/uploads\/2025\/07\/DJI_0766.jpg\" aria-label=\"\u0433\u0430\u043b\u0435\u0440\u0435\u044f img\" class=\"gallery-item img-cover popup_img\">\n                <img decoding=\"async\" src=\"https:\/\/proenergy.md\/wp-content\/uploads\/2025\/07\/DJI_0766.jpg\" alt=\"\">\n                <span class=\"icon-1\">\n                    <i class=\"fa-regular fa-image\"><\/i>\n                <\/span>\n            <\/a>\n        <\/div>\n    <\/div>\n<\/div>\t\t\t\t<\/div>\n\t\t\t\t<\/div>\n\t\t\t\t\t<\/div>\n\t\t<\/div>\n\t\t\t\t<div class=\"elementor-column elementor-col-33 elementor-top-column elementor-element elementor-element-335694d9\" data-id=\"335694d9\" data-element_type=\"column\">\n\t\t\t<div class=\"elementor-widget-wrap elementor-element-populated\">\n\t\t\t\t\t\t<div class=\"elementor-element elementor-element-136532f2 elementor-widget elementor-widget-go-s-gall-item\" data-id=\"136532f2\" data-element_type=\"widget\" data-widget_type=\"go-s-gall-item.default\">\n\t\t\t\t<div class=\"elementor-widget-container\">\n\t\t\t\t\t<div class=\"mainp__gal\">\n    <div class=\"gallery-wrap\">\n        <div class=\"gallery\">\n            <a href=\"https:\/\/proenergy.md\/wp-content\/uploads\/2025\/07\/DJI_0767.jpg\" aria-label=\"\u0433\u0430\u043b\u0435\u0440\u0435\u044f img\" class=\"gallery-item img-cover popup_img\">\n                <img decoding=\"async\" src=\"https:\/\/proenergy.md\/wp-content\/uploads\/2025\/07\/DJI_0767.jpg\" alt=\"\">\n                <span class=\"icon-1\">\n                    <i class=\"fa-regular fa-image\"><\/i>\n                <\/span>\n            <\/a>\n        <\/div>\n    <\/div>\n<\/div>\t\t\t\t<\/div>\n\t\t\t\t<\/div>\n\t\t\t\t\t<\/div>\n\t\t<\/div>\n\t\t\t\t\t<\/div>\n\t\t<\/section>\n\t\t\t\t<\/div>","protected":false},"excerpt":{"rendered":"<p>Sector industrial Termeni: 3-4 luni Buget: de la 500 EUR\/ kw Solu\u021bii Energetice Eficiente pentru Afacerea Ta \u00cen contextul cre\u0219terii pre\u021burilor la energie \u0219i al presiunii pentru reducerea amprentei de carbon, tot mai multe companii din sectorul industrial aleg s\u0103 investeasc\u0103 \u00een sisteme fotovoltaice. Panourile solare nu sunt doar o alegere ecologic\u0103, ci \u0219i o [&hellip;]<\/p>","protected":false},"author":1,"featured_media":0,"parent":0,"menu_order":0,"comment_status":"closed","ping_status":"closed","template":"elementor_header_footer","meta":{"footnotes":""},"class_list":["post-3235","page","type-page","status-publish","hentry"],"_links":{"self":[{"href":"https:\/\/proenergy.md\/ru\/wp-json\/wp\/v2\/pages\/3235","targetHints":{"allow":["GET"]}}],"collection":[{"href":"https:\/\/proenergy.md\/ru\/wp-json\/wp\/v2\/pages"}],"about":[{"href":"https:\/\/proenergy.md\/ru\/wp-json\/wp\/v2\/types\/page"}],"author":[{"embeddable":true,"href":"https:\/\/proenergy.md\/ru\/wp-json\/wp\/v2\/users\/1"}],"replies":[{"embeddable":true,"href":"https:\/\/proenergy.md\/ru\/wp-json\/wp\/v2\/comments?post=3235"}],"version-history":[{"count":31,"href":"https:\/\/proenergy.md\/ru\/wp-json\/wp\/v2\/pages\/3235\/revisions"}],"predecessor-version":[{"id":3540,"href":"https:\/\/proenergy.md\/ru\/wp-json\/wp\/v2\/pages\/3235\/revisions\/3540"}],"wp:attachment":[{"href":"https:\/\/proenergy.md\/ru\/wp-json\/wp\/v2\/media?parent=3235"}],"curies":[{"name":"wp","href":"https:\/\/api.w.org\/{rel}","templated":true}]}}