{"id":30,"date":"2024-10-05T05:55:55","date_gmt":"2024-10-05T05:55:55","guid":{"rendered":"https:\/\/themexriver.com\/wp\/eergx\/?page_id=30"},"modified":"2025-07-24T14:41:01","modified_gmt":"2025-07-24T14:41:01","slug":"proiecte-rezidentiale","status":"publish","type":"page","link":"https:\/\/proenergy.md\/ru\/proiecte-rezidentiale\/","title":{"rendered":"\u0416\u0438\u043b\u043e\u0439 \u0441\u0435\u043a\u0442\u043e\u0440"},"content":{"rendered":"<div data-elementor-type=\"wp-page\" data-elementor-id=\"30\" class=\"elementor elementor-30\">\n\t\t\t\t\t\t<section class=\"elementor-section elementor-top-section elementor-element elementor-element-49ef34c elementor-section-boxed elementor-section-height-default elementor-section-height-default\" data-id=\"49ef34c\" data-element_type=\"section\">\n\t\t\t\t\t\t<div class=\"elementor-container elementor-column-gap-default\">\n\t\t\t\t\t<div class=\"elementor-column elementor-col-100 elementor-top-column elementor-element elementor-element-59bab59\" data-id=\"59bab59\" data-element_type=\"column\">\n\t\t\t<div class=\"elementor-widget-wrap elementor-element-populated\">\n\t\t\t\t\t\t<div class=\"elementor-element elementor-element-223b1c5 elementor-widget elementor-widget-go-s-heading\" data-id=\"223b1c5\" data-element_type=\"widget\" data-widget_type=\"go-s-heading.default\">\n\t\t\t\t<div class=\"elementor-widget-container\">\n\t\t\t\t\t<div class=\"prthalign\">\n        <h1 class=\"elementor-gt-heading egx-section-title-1 egx-split-text split-in-right\"> \u0416\u0438\u043b\u043e\u0439 \u0441\u0435\u043a\u0442\u043e\u0440<\/h1>    <\/div>\n\t\t\t\t<\/div>\n\t\t\t\t<\/div>\n\t\t\t\t\t<\/div>\n\t\t<\/div>\n\t\t\t\t\t<\/div>\n\t\t<\/section>\n\t\t\t\t<section class=\"elementor-section elementor-top-section elementor-element elementor-element-cde4252 elementor-section-boxed elementor-section-height-default elementor-section-height-default\" data-id=\"cde4252\" data-element_type=\"section\">\n\t\t\t\t\t\t<div class=\"elementor-container elementor-column-gap-no\">\n\t\t\t\t\t<div class=\"elementor-column elementor-col-100 elementor-top-column elementor-element elementor-element-4383d7b\" data-id=\"4383d7b\" data-element_type=\"column\">\n\t\t\t<div class=\"elementor-widget-wrap elementor-element-populated\">\n\t\t\t\t\t\t<div class=\"elementor-element elementor-element-b5a81f7 elementor-widget__width-auto elementor-widget-mobile__width-initial elementor-absolute mobile-respo elementor-widget elementor-widget-text-editor\" data-id=\"b5a81f7\" data-element_type=\"widget\" data-settings=\"{&quot;_position&quot;:&quot;absolute&quot;}\" data-widget_type=\"text-editor.default\">\n\t\t\t\t\t\t\t\t\t<div class=\"project-info\">\n<h5 class=\"info-text\">\u041a\u043b\u0438\u0435\u043d\u0442: \u0412\u0438\u0442\u0430\u043b\u0438\u0439<\/h5>\n<h5 class=\"info-text\">\u041a\u0430\u0442\u0435\u0433\u043e\u0440\u0438\u044f: Hybrid \u0441\u0438\u0441\u0442\u0435\u043c\u0430<\/h5>\n<h5 class=\"info-text\">\u0411\u044e\u0434\u0436\u0435\u0442: 680 \u0435\u0432\u0440\u043e\/KW<\/h5>\n<\/div>\t\t\t\t\t\t\t\t<\/div>\n\t\t\t\t<div class=\"elementor-element elementor-element-49018ec elementor-widget elementor-widget-image\" data-id=\"49018ec\" data-element_type=\"widget\" data-widget_type=\"image.default\">\n\t\t\t\t\t\t\t\t\t\t\t\t\t\t\t<img fetchpriority=\"high\" decoding=\"async\" width=\"1024\" height=\"768\" src=\"https:\/\/proenergy.md\/wp-content\/uploads\/2025\/07\/DJI_0729-e1753173777615.jpg\" class=\"attachment-full size-full wp-image-3198\" alt=\"\" \/>\t\t\t\t\t\t\t\t\t\t\t\t\t\t\t<\/div>\n\t\t\t\t\t<\/div>\n\t\t<\/div>\n\t\t\t\t\t<\/div>\n\t\t<\/section>\n\t\t\t\t<section class=\"elementor-section elementor-top-section elementor-element elementor-element-143873d elementor-section-boxed elementor-section-height-default elementor-section-height-default\" data-id=\"143873d\" data-element_type=\"section\">\n\t\t\t\t\t\t<div class=\"elementor-container elementor-column-gap-default\">\n\t\t\t\t\t<div class=\"elementor-column elementor-col-100 elementor-top-column elementor-element elementor-element-0522119\" data-id=\"0522119\" data-element_type=\"column\">\n\t\t\t<div class=\"elementor-widget-wrap elementor-element-populated\">\n\t\t\t\t\t\t<div class=\"elementor-element elementor-element-db007d8 elementor-widget elementor-widget-heading\" data-id=\"db007d8\" data-element_type=\"widget\" data-widget_type=\"heading.default\">\n\t\t\t\t\t<h2 class=\"elementor-heading-title elementor-size-default\"><p data-start=\"241\" data-end=\"537\">\u041c\u044b \u043f\u0440\u0435\u0434\u043b\u0430\u0433\u0430\u0435\u043c \u043f\u0435\u0440\u0441\u043e\u043d\u0430\u043b\u0438\u0437\u0438\u0440\u043e\u0432\u0430\u043d\u043d\u044b\u0435  \u0440\u0435\u0448\u0435\u043d\u0438\u044f \u0441\u043e\u043b\u043d\u0435\u0447\u043d\u044b\u0445 \u043f\u0430\u043d\u0435\u043b\u0435\u0439 \u0434\u043b\u044f \u0434\u043e\u043c\u0430, \u0433\u0430\u0440\u043c\u043e\u043d\u0438\u0447\u043d\u043e \u0438\u043d\u0442\u0435\u0433\u0440\u0438\u0440\u043e\u0432\u0430\u043d\u043d\u044b\u0435 \u0432 \u0430\u0440\u0445\u0438\u0442\u0435\u043a\u0442\u0443\u0440\u0443 \u0432\u0430\u0448\u0435\u0433\u043e \u043f\u0440\u043e\u0441\u0442\u0440\u0430\u043d\u0441\u0442\u0432\u0430 \u0438 \u0430\u0434\u0430\u043f\u0442\u0438\u0440\u043e\u0432\u0430\u043d\u043d\u044b\u0435 \u043a \u0440\u0435\u0430\u043b\u044c\u043d\u044b\u043c \u043f\u043e\u0442\u0440\u0435\u0431\u043d\u043e\u0441\u0442\u044f\u043c \u043f\u043e\u0442\u0440\u0435\u0431\u043b\u0435\u043d\u0438\u044f. \u0418\u0441\u043f\u043e\u043b\u044c\u0437\u0443\u044f \u0441\u0430\u043c\u044b\u0435 \u043f\u0435\u0440\u0435\u0434\u043e\u0432\u044b\u0435 \u0441\u043e\u043b\u043d\u0435\u0447\u043d\u044b\u0435 \u0442\u0435\u0445\u043d\u043e\u043b\u043e\u0433\u0438\u0438, \u043c\u044b \u043f\u0440\u0435\u043e\u0431\u0440\u0430\u0437\u0443\u0435\u043c \u044d\u043d\u0435\u0440\u0433\u0438\u044e \u0441\u043e\u043b\u043d\u0446\u0430 \u0432 \u043d\u0430\u0434\u0435\u0436\u043d\u044b\u0439 \u0438\u0441\u0442\u043e\u0447\u043d\u0438\u043a \u044d\u043d\u0435\u0440\u0433\u0435\u0442\u0438\u0447\u0435\u0441\u043a\u043e\u0439 \u0430\u0432\u0442\u043e\u043d\u043e\u043c\u0438\u0438 \u0438 \u0441\u043d\u0438\u0436\u0435\u043d\u0438\u044f \u0437\u0430\u0442\u0440\u0430\u0442.<\/p>\n<p data-start=\"539\" data-end=\"802\">\u041c\u044b \u0443\u0434\u0435\u043b\u044f\u0435\u043c \u043e\u0441\u043e\u0431\u043e\u0435 \u0432\u043d\u0438\u043c\u0430\u043d\u0438\u0435 \u043a\u0430\u0447\u0435\u0441\u0442\u0432\u0443, \u0434\u043e\u043b\u0433\u043e\u0432\u0435\u0447\u043d\u043e\u0441\u0442\u0438 \u0438 \u043f\u0440\u043e\u0434\u0443\u043c\u0430\u043d\u043d\u043e\u043c\u0443 \u043f\u0440\u043e\u0435\u043a\u0442\u0438\u0440\u043e\u0432\u0430\u043d\u0438\u044e \u2014 \u043e\u0442 \u043f\u0435\u0440\u0432\u043e\u043d\u0430\u0447\u0430\u043b\u044c\u043d\u043e\u0433\u043e \u0430\u043d\u0430\u043b\u0438\u0437\u0430 \u044d\u043d\u0435\u0440\u0433\u043e\u043f\u043e\u0442\u0440\u0435\u0431\u043b\u0435\u043d\u0438\u044f \u0438 \u0442\u0435\u0445\u043d\u0438\u0447\u0435\u0441\u043a\u043e\u0433\u043e \u043f\u0440\u043e\u0435\u043a\u0442\u0438\u0440\u043e\u0432\u0430\u043d\u0438\u044f \u0434\u043e \u0443\u0441\u0442\u0430\u043d\u043e\u0432\u043a\u0438 \u0438 \u043c\u043e\u043d\u0438\u0442\u043e\u0440\u0438\u043d\u0433\u0430 \u0432 \u0440\u0435\u0436\u0438\u043c\u0435 \u0440\u0435\u0430\u043b\u044c\u043d\u043e\u0433\u043e \u0432\u0440\u0435\u043c\u0435\u043d\u0438. \u041a\u0430\u0436\u0434\u0430\u044f \u0441\u0438\u0441\u0442\u0435\u043c\u0430 \u0440\u0430\u0437\u0440\u0430\u0431\u043e\u0442\u0430\u043d\u0430 \u0434\u043b\u044f \u043e\u0431\u0435\u0441\u043f\u0435\u0447\u0435\u043d\u0438\u044f \u043c\u0430\u043a\u0441\u0438\u043c\u0430\u043b\u044c\u043d\u043e\u0439 \u043f\u0440\u043e\u0438\u0437\u0432\u043e\u0434\u0438\u0442\u0435\u043b\u044c\u043d\u043e\u0441\u0442\u0438, \u044d\u043a\u043e\u043b\u043e\u0433\u0438\u0447\u043d\u043e\u0441\u0442\u0438 \u0438 \u0443\u0441\u0442\u043e\u0439\u0447\u0438\u0432\u043e\u0441\u0442\u0438.<\/p>\n<p data-start=\"804\" data-end=\"909\">\u0418\u043d\u0432\u0435\u0441\u0442\u0438\u0440\u0443\u0439\u0442\u0435 \u0432 \u0447\u0438\u0441\u0442\u043e\u0435 \u0438 \u044d\u0444\u0444\u0435\u043a\u0442\u0438\u0432\u043d\u043e\u0435 \u0431\u0443\u0434\u0443\u0449\u0435\u0435 \u2014 \u0434\u043b\u044f \u0441\u0435\u0431\u044f, \u0441\u0432\u043e\u0435\u0439 \u0441\u0435\u043c\u044c\u0438 \u0438 \u043f\u043b\u0430\u043d\u0435\u0442\u044b, \u043a\u043e\u0442\u043e\u0440\u0443\u044e \u043c\u044b \u043e\u0441\u0442\u0430\u0432\u0438\u043c \u043f\u043e\u0441\u043b\u0435 \u0441\u0435\u0431\u044f.<\/p><\/h2>\t\t\t\t<\/div>\n\t\t\t\t\t<\/div>\n\t\t<\/div>\n\t\t\t\t\t<\/div>\n\t\t<\/section>\n\t\t\t\t<section class=\"elementor-section elementor-top-section elementor-element elementor-element-43b4913 elementor-section-boxed elementor-section-height-default elementor-section-height-default\" data-id=\"43b4913\" data-element_type=\"section\">\n\t\t\t\t\t\t<div class=\"elementor-container elementor-column-gap-default\">\n\t\t\t\t\t<div class=\"elementor-column elementor-col-100 elementor-top-column elementor-element elementor-element-ca77237\" data-id=\"ca77237\" data-element_type=\"column\">\n\t\t\t<div class=\"elementor-widget-wrap elementor-element-populated\">\n\t\t\t\t\t\t<div class=\"elementor-element elementor-element-d407617 elementor-widget elementor-widget-heading\" data-id=\"d407617\" data-element_type=\"widget\" data-widget_type=\"heading.default\">\n\t\t\t\t\t<h2 class=\"elementor-heading-title elementor-size-default\">\u041d\u0430\u0448\u0438 \u041f\u0440\u043e\u044d\u043a\u0442\u044b:<\/h2>\t\t\t\t<\/div>\n\t\t\t\t\t<\/div>\n\t\t<\/div>\n\t\t\t\t\t<\/div>\n\t\t<\/section>\n\t\t\t\t<section class=\"elementor-section elementor-top-section elementor-element elementor-element-3a49018 elementor-section-boxed elementor-section-height-default elementor-section-height-default\" data-id=\"3a49018\" data-element_type=\"section\">\n\t\t\t\t\t\t<div class=\"elementor-container elementor-column-gap-default\">\n\t\t\t\t\t<div class=\"elementor-column elementor-col-50 elementor-top-column elementor-element elementor-element-8b4e573\" data-id=\"8b4e573\" data-element_type=\"column\">\n\t\t\t<div class=\"elementor-widget-wrap elementor-element-populated\">\n\t\t\t\t\t\t<div class=\"elementor-element elementor-element-88a181b elementor-widget elementor-widget-go-s-gall-item\" data-id=\"88a181b\" data-element_type=\"widget\" data-widget_type=\"go-s-gall-item.default\">\n\t\t\t\t<div class=\"elementor-widget-container\">\n\t\t\t\t\t<div class=\"mainp__gal\">\n    <div class=\"gallery-wrap\">\n        <div class=\"gallery\">\n            <a href=\"https:\/\/proenergy.md\/wp-content\/uploads\/2025\/07\/IMG_4811.jpg\" aria-label=\"\u0433\u0430\u043b\u0435\u0440\u0435\u044f img\" class=\"gallery-item img-cover popup_img\">\n                <img decoding=\"async\" src=\"https:\/\/proenergy.md\/wp-content\/uploads\/2025\/07\/IMG_4811.jpg\" alt=\"\">\n                <span class=\"icon-1\">\n                    <i class=\"fa-regular fa-image\"><\/i>\n                <\/span>\n            <\/a>\n        <\/div>\n    <\/div>\n<\/div>\t\t\t\t<\/div>\n\t\t\t\t<\/div>\n\t\t\t\t\t<\/div>\n\t\t<\/div>\n\t\t\t\t<div class=\"elementor-column elementor-col-50 elementor-top-column elementor-element elementor-element-51565e3\" data-id=\"51565e3\" data-element_type=\"column\">\n\t\t\t<div class=\"elementor-widget-wrap elementor-element-populated\">\n\t\t\t\t\t\t<div class=\"elementor-element elementor-element-daf55f6 elementor-widget elementor-widget-go-s-gall-item\" data-id=\"daf55f6\" data-element_type=\"widget\" data-widget_type=\"go-s-gall-item.default\">\n\t\t\t\t<div class=\"elementor-widget-container\">\n\t\t\t\t\t<div class=\"mainp__gal\">\n    <div class=\"gallery-wrap\">\n        <div class=\"gallery\">\n            <a href=\"https:\/\/proenergy.md\/wp-content\/uploads\/2025\/07\/IMG_5390.jpg\" aria-label=\"\u0433\u0430\u043b\u0435\u0440\u0435\u044f img\" class=\"gallery-item img-cover popup_img\">\n                <img decoding=\"async\" src=\"https:\/\/proenergy.md\/wp-content\/uploads\/2025\/07\/IMG_5390.jpg\" alt=\"\">\n                <span class=\"icon-1\">\n                    <i class=\"fa-regular fa-image\"><\/i>\n                <\/span>\n            <\/a>\n        <\/div>\n    <\/div>\n<\/div>\t\t\t\t<\/div>\n\t\t\t\t<\/div>\n\t\t\t\t\t<\/div>\n\t\t<\/div>\n\t\t\t\t\t<\/div>\n\t\t<\/section>\n\t\t\t\t<section class=\"elementor-section elementor-top-section elementor-element elementor-element-637e915 elementor-section-boxed elementor-section-height-default elementor-section-height-default\" data-id=\"637e915\" data-element_type=\"section\">\n\t\t\t\t\t\t<div class=\"elementor-container elementor-column-gap-default\">\n\t\t\t\t\t<div class=\"elementor-column elementor-col-33 elementor-top-column elementor-element elementor-element-405c7bf\" data-id=\"405c7bf\" data-element_type=\"column\">\n\t\t\t<div class=\"elementor-widget-wrap elementor-element-populated\">\n\t\t\t\t\t\t<div class=\"elementor-element elementor-element-690765e elementor-widget elementor-widget-go-s-gall-item\" data-id=\"690765e\" data-element_type=\"widget\" data-widget_type=\"go-s-gall-item.default\">\n\t\t\t\t<div class=\"elementor-widget-container\">\n\t\t\t\t\t<div class=\"mainp__gal\">\n    <div class=\"gallery-wrap\">\n        <div class=\"gallery\">\n            <a href=\"https:\/\/proenergy.md\/wp-content\/uploads\/2025\/07\/IMG_5018.jpg\" aria-label=\"\u0433\u0430\u043b\u0435\u0440\u0435\u044f img\" class=\"gallery-item img-cover popup_img\">\n                <img decoding=\"async\" src=\"https:\/\/proenergy.md\/wp-content\/uploads\/2025\/07\/IMG_5018.jpg\" alt=\"\">\n                <span class=\"icon-1\">\n                    <i class=\"fa-regular fa-image\"><\/i>\n                <\/span>\n            <\/a>\n        <\/div>\n    <\/div>\n<\/div>\t\t\t\t<\/div>\n\t\t\t\t<\/div>\n\t\t\t\t\t<\/div>\n\t\t<\/div>\n\t\t\t\t<div class=\"elementor-column elementor-col-33 elementor-top-column elementor-element elementor-element-476ad9a\" data-id=\"476ad9a\" data-element_type=\"column\">\n\t\t\t<div class=\"elementor-widget-wrap elementor-element-populated\">\n\t\t\t\t\t\t<div class=\"elementor-element elementor-element-da875f1 elementor-widget elementor-widget-go-s-gall-item\" data-id=\"da875f1\" data-element_type=\"widget\" data-widget_type=\"go-s-gall-item.default\">\n\t\t\t\t<div class=\"elementor-widget-container\">\n\t\t\t\t\t<div class=\"mainp__gal\">\n    <div class=\"gallery-wrap\">\n        <div class=\"gallery\">\n            <a href=\"https:\/\/proenergy.md\/wp-content\/uploads\/2025\/07\/IMG_5301.jpg\" aria-label=\"\u0433\u0430\u043b\u0435\u0440\u0435\u044f img\" class=\"gallery-item img-cover popup_img\">\n                <img decoding=\"async\" src=\"https:\/\/proenergy.md\/wp-content\/uploads\/2025\/07\/IMG_5301.jpg\" alt=\"\">\n                <span class=\"icon-1\">\n                    <i class=\"fa-regular fa-image\"><\/i>\n                <\/span>\n            <\/a>\n        <\/div>\n    <\/div>\n<\/div>\t\t\t\t<\/div>\n\t\t\t\t<\/div>\n\t\t\t\t\t<\/div>\n\t\t<\/div>\n\t\t\t\t<div class=\"elementor-column elementor-col-33 elementor-top-column elementor-element elementor-element-c1c7eb0\" data-id=\"c1c7eb0\" data-element_type=\"column\">\n\t\t\t<div class=\"elementor-widget-wrap elementor-element-populated\">\n\t\t\t\t\t\t<div class=\"elementor-element elementor-element-fb9a26e elementor-widget elementor-widget-go-s-gall-item\" data-id=\"fb9a26e\" data-element_type=\"widget\" data-widget_type=\"go-s-gall-item.default\">\n\t\t\t\t<div class=\"elementor-widget-container\">\n\t\t\t\t\t<div class=\"mainp__gal\">\n    <div class=\"gallery-wrap\">\n        <div class=\"gallery\">\n            <a href=\"https:\/\/proenergy.md\/wp-content\/uploads\/2025\/07\/IMG_5300.jpg\" aria-label=\"\u0433\u0430\u043b\u0435\u0440\u0435\u044f img\" class=\"gallery-item img-cover popup_img\">\n                <img decoding=\"async\" src=\"https:\/\/proenergy.md\/wp-content\/uploads\/2025\/07\/IMG_5300.jpg\" alt=\"\">\n                <span class=\"icon-1\">\n                    <i class=\"fa-regular fa-image\"><\/i>\n                <\/span>\n            <\/a>\n        <\/div>\n    <\/div>\n<\/div>\t\t\t\t<\/div>\n\t\t\t\t<\/div>\n\t\t\t\t\t<\/div>\n\t\t<\/div>\n\t\t\t\t\t<\/div>\n\t\t<\/section>\n\t\t\t\t<\/div>","protected":false},"excerpt":{"rendered":"<p>Sector reziden\u021bial Client: Vitalie Categoria: Sisteme Hybrid Buget: 680 EUR\/ kw Oferim solu\u021bii fotovoltaice personalizate pentru locuin\u021be, integrate armonios \u00een arhitectura spa\u021biului t\u0103u \u0219i adaptate nevoilor reale de consum. Cu ajutorul celor mai avansate tehnologii solare, transform\u0103m energia soarelui \u00eentr-o surs\u0103 fiabil\u0103 de autonomie energetic\u0103 \u0219i reducere a costurilor. Punem accent pe calitate, durabilitate \u0219i [&hellip;]<\/p>","protected":false},"author":1,"featured_media":0,"parent":0,"menu_order":0,"comment_status":"closed","ping_status":"closed","template":"elementor_header_footer","meta":{"footnotes":""},"class_list":["post-30","page","type-page","status-publish","hentry"],"_links":{"self":[{"href":"https:\/\/proenergy.md\/ru\/wp-json\/wp\/v2\/pages\/30","targetHints":{"allow":["GET"]}}],"collection":[{"href":"https:\/\/proenergy.md\/ru\/wp-json\/wp\/v2\/pages"}],"about":[{"href":"https:\/\/proenergy.md\/ru\/wp-json\/wp\/v2\/types\/page"}],"author":[{"embeddable":true,"href":"https:\/\/proenergy.md\/ru\/wp-json\/wp\/v2\/users\/1"}],"replies":[{"embeddable":true,"href":"https:\/\/proenergy.md\/ru\/wp-json\/wp\/v2\/comments?post=30"}],"version-history":[{"count":34,"href":"https:\/\/proenergy.md\/ru\/wp-json\/wp\/v2\/pages\/30\/revisions"}],"predecessor-version":[{"id":3547,"href":"https:\/\/proenergy.md\/ru\/wp-json\/wp\/v2\/pages\/30\/revisions\/3547"}],"wp:attachment":[{"href":"https:\/\/proenergy.md\/ru\/wp-json\/wp\/v2\/media?parent=30"}],"curies":[{"name":"wp","href":"https:\/\/api.w.org\/{rel}","templated":true}]}}